{"id":11774,"date":"2025-11-03T19:02:55","date_gmt":"2025-11-03T19:02:55","guid":{"rendered":"https:\/\/www.ebrahimilawyer.com\/projects\/"},"modified":"2025-11-27T23:02:15","modified_gmt":"2025-11-27T23:02:15","slug":"project","status":"publish","type":"page","link":"https:\/\/www.ebrahimilawyer.com\/de\/project\/","title":{"rendered":"Projekte"},"content":{"rendered":"\t\t<div data-elementor-type=\"wp-page\" data-elementor-id=\"11774\" class=\"elementor elementor-11774 elementor-10505\">\n\t\t\t\t<div class=\"elementor-element elementor-element-edd64ba e-flex e-con-boxed e-con e-parent\" data-id=\"edd64ba\" data-element_type=\"container\">\n\t\t\t\t\t<div class=\"e-con-inner\">\n\t\t<div class=\"elementor-element elementor-element-d10ddfa e-con-full e-flex e-con e-child\" data-id=\"d10ddfa\" data-element_type=\"container\">\n\t\t\t\t<div class=\"elementor-element elementor-element-2b90f59 elementor-widget elementor-widget-heading\" data-id=\"2b90f59\" data-element_type=\"widget\" data-widget_type=\"heading.default\">\n\t\t\t\t<div class=\"elementor-widget-container\">\n\t\t\t\t\t<h3 class=\"elementor-heading-title elementor-size-default\">Iranische Rechtsangelegenheiten<\/h3>\t\t\t\t<\/div>\n\t\t\t\t<\/div>\n\t\t\t\t<div class=\"elementor-element elementor-element-32f34c9 elementor-widget elementor-widget-cz_title\" data-id=\"32f34c9\" data-element_type=\"widget\" data-widget_type=\"cz_title.default\">\n\t\t\t\t<div class=\"elementor-widget-container\">\n\t\t\t\t\t\t\r\n\t\t<div>\r\n\t\t\t<div class=\"cz_title clr cz_title_pos_inline\"><div class=\"cz_title_content\"><div class=\"cz_wpe_content\"><p><span class=\"wixui-rich-text__text\" style=\"color: #ffffff; font-size: 18px;\"><span class=\"color_15 wixui-rich-text__text\">Wir beraten und vertreten Sie vor iranischen Gerichten in folgenden Gebieten:<\/span><\/span><\/p><p><span class=\"color_15 wixui-rich-text__text\" style=\"color: #ffffff; font-size: 18px;\">- Vertrags- und Gesellschaftsrecht<\/span><\/p><p><span class=\"color_15 wixui-rich-text__text\" style=\"color: #ffffff; font-size: 18px;\">- Wirtschaftsrecht und internationale Transaktionen<\/span><\/p><p><span class=\"color_15 wixui-rich-text__text\" style=\"color: #ffffff; font-size: 18px;\">- Immobilien- und Eigentumsrecht<\/span><\/p><p><span class=\"color_15 wixui-rich-text__text\" style=\"color: #ffffff; font-size: 18px;\">- Familien- und Erbrecht<\/span><\/p><p><span class=\"color_15 wixui-rich-text__text\" style=\"color: #ffffff; font-size: 18px;\">- Eheschlie\u00dfung und Scheidung im Iran<\/span><\/p><p><span class=\"color_15 wixui-rich-text__text\" style=\"color: #ffffff; font-size: 18px;\">- Sorgerecht<\/span><\/p><p><span class=\"color_15 wixui-rich-text__text\" style=\"color: #ffffff; font-size: 18px;\"><span class=\"wixui-rich-text__text\"><span class=\"wixGuard wixui-rich-text__text\">\u200b<\/span><\/span><\/span><\/p><\/div><\/div><\/div>\r\n\t\t<\/div>\r\n\t\t\r\n\t\t\t\t\t\t<\/div>\n\t\t\t\t<\/div>\n\t\t\t\t<\/div>\n\t\t<div class=\"elementor-element elementor-element-a0f7793 e-con-full e-flex e-con e-child\" data-id=\"a0f7793\" data-element_type=\"container\">\n\t\t\t\t<div class=\"elementor-element elementor-element-9d0e2fb elementor-widget elementor-widget-image\" data-id=\"9d0e2fb\" data-element_type=\"widget\" data-widget_type=\"image.default\">\n\t\t\t\t<div class=\"elementor-widget-container\">\n\t\t\t\t\t\t\t\t\t\t\t\t\t\t\t<img fetchpriority=\"high\" decoding=\"async\" width=\"470\" height=\"270\" src=\"data:image\/svg+xml,%3Csvg%20xmlns%3D&#39;http%3A%2F%2Fwww.w3.org%2F2000%2Fsvg&#39;%20width=&#39;470&#39;%20height=&#39;270&#39;%20viewBox%3D&#39;0%200%20470%20270&#39;%2F%3E\" data-czlz data-src=\"https:\/\/www.ebrahimilawyer.com\/wp-content\/uploads\/2025\/11\/Law-Case.jpg\" class=\"attachment-full size-full wp-image-11775\" alt=\"\" data-srcset=\"https:\/\/www.ebrahimilawyer.com\/wp-content\/uploads\/2025\/11\/Law-Case.jpg 470w, https:\/\/www.ebrahimilawyer.com\/wp-content\/uploads\/2025\/11\/Law-Case-300x172.jpg 300w\" data-sizes=\"(max-width: 470px) 100vw, 470px\" \/>\t\t\t\t\t\t\t\t\t\t\t\t\t\t\t<\/div>\n\t\t\t\t<\/div>\n\t\t\t\t<\/div>\n\t\t\t\t\t<\/div>\n\t\t\t\t<\/div>\n\t\t<div class=\"elementor-element elementor-element-d3a32ea e-flex e-con-boxed e-con e-parent\" data-id=\"d3a32ea\" data-element_type=\"container\">\n\t\t\t\t\t<div class=\"e-con-inner\">\n\t\t<div class=\"elementor-element elementor-element-57a4146 e-con-full e-flex e-con e-child\" data-id=\"57a4146\" data-element_type=\"container\">\n\t\t\t\t<div class=\"elementor-element elementor-element-c474368 elementor-widget elementor-widget-heading\" data-id=\"c474368\" data-element_type=\"widget\" data-widget_type=\"heading.default\">\n\t\t\t\t<div class=\"elementor-widget-container\">\n\t\t\t\t\t<h3 class=\"elementor-heading-title elementor-size-default\">Wirtschaftsrechtliche Angelegenheiten<\/h3>\t\t\t\t<\/div>\n\t\t\t\t<\/div>\n\t\t\t\t<div class=\"elementor-element elementor-element-ff826cd elementor-widget elementor-widget-cz_title\" data-id=\"ff826cd\" data-element_type=\"widget\" data-widget_type=\"cz_title.default\">\n\t\t\t\t<div class=\"elementor-widget-container\">\n\t\t\t\t\t\t\r\n\t\t<div>\r\n\t\t\t<div class=\"cz_title clr cz_title_pos_inline\"><div class=\"cz_title_content\"><div class=\"cz_wpe_content\"><p class=\"font_8 wixui-rich-text__text\"><span class=\"color_15 wixui-rich-text__text\" style=\"color: #ffffff;\">Bei Ihrer Firmengr\u00fcndung im Iran k\u00fcmmern wir uns um jeden Schritt des Verwaltungsverfahren, rechtliches Verfahren und Genehmigungsverfahren, um Ihren Zugang aus Deutschland oder anderen EU-L\u00e4ndern in den iranischen Markt zu erleichtern.<\/span><\/p><p class=\"font_8 wixui-rich-text__text\"><span class=\"color_15 wixui-rich-text__text\" style=\"color: #ffffff;\">F\u00fcr Unternehmen und juristische Personen, die rechtliche Unterst\u00fctzung in internationalen Rechtsangelegenheiten suchen bieten wir, Als Mitglied des \u201eCanadian Institute for International Law Expertise\u201c (CIFILE), Rechtsberatung in verschiedenen Rechtsgebieten, wie Vertragsrecht, Gesellschaftsrecht und im Internationalen Wirtschaftsrecht.<\/span><\/p><\/div><\/div><\/div>\r\n\t\t<\/div>\r\n\t\t\r\n\t\t\t\t\t\t<\/div>\n\t\t\t\t<\/div>\n\t\t\t\t<\/div>\n\t\t<div class=\"elementor-element elementor-element-75a0a49 e-con-full e-flex e-con e-child\" data-id=\"75a0a49\" data-element_type=\"container\">\n\t\t\t\t<div class=\"elementor-element elementor-element-13382f3 elementor-widget elementor-widget-image\" data-id=\"13382f3\" data-element_type=\"widget\" data-widget_type=\"image.default\">\n\t\t\t\t<div class=\"elementor-widget-container\">\n\t\t\t\t\t\t\t\t\t\t\t\t\t\t\t<img decoding=\"async\" width=\"470\" height=\"270\" src=\"data:image\/svg+xml,%3Csvg%20xmlns%3D&#39;http%3A%2F%2Fwww.w3.org%2F2000%2Fsvg&#39;%20width=&#39;470&#39;%20height=&#39;270&#39;%20viewBox%3D&#39;0%200%20470%20270&#39;%2F%3E\" data-czlz data-src=\"https:\/\/www.ebrahimilawyer.com\/wp-content\/uploads\/2025\/11\/Business-Law-Cases.jpg\" class=\"attachment-full size-full wp-image-11776\" alt=\"\" data-srcset=\"https:\/\/www.ebrahimilawyer.com\/wp-content\/uploads\/2025\/11\/Business-Law-Cases.jpg 470w, https:\/\/www.ebrahimilawyer.com\/wp-content\/uploads\/2025\/11\/Business-Law-Cases-300x172.jpg 300w\" data-sizes=\"(max-width: 470px) 100vw, 470px\" \/>\t\t\t\t\t\t\t\t\t\t\t\t\t\t\t<\/div>\n\t\t\t\t<\/div>\n\t\t\t\t<\/div>\n\t\t\t\t\t<\/div>\n\t\t\t\t<\/div>\n\t\t<div class=\"elementor-element elementor-element-e444d9f e-flex e-con-boxed e-con e-parent\" data-id=\"e444d9f\" data-element_type=\"container\">\n\t\t\t\t\t<div class=\"e-con-inner\">\n\t\t<div class=\"elementor-element elementor-element-729512f e-con-full e-flex e-con e-child\" data-id=\"729512f\" data-element_type=\"container\">\n\t\t\t\t<div class=\"elementor-element elementor-element-9efc681 elementor-widget elementor-widget-heading\" data-id=\"9efc681\" data-element_type=\"widget\" data-widget_type=\"heading.default\">\n\t\t\t\t<div class=\"elementor-widget-container\">\n\t\t\t\t\t<h3 class=\"elementor-heading-title elementor-size-default\">Juristische Seminare &amp; Workshops<\/h3>\t\t\t\t<\/div>\n\t\t\t\t<\/div>\n\t\t\t\t<div class=\"elementor-element elementor-element-00716dd elementor-widget elementor-widget-cz_title\" data-id=\"00716dd\" data-element_type=\"widget\" data-widget_type=\"cz_title.default\">\n\t\t\t\t<div class=\"elementor-widget-container\">\n\t\t\t\t\t\t\r\n\t\t<div>\r\n\t\t\t<div class=\"cz_title clr cz_title_pos_inline\"><div class=\"cz_title_content\"><div class=\"cz_wpe_content\"><p data-start=\"113\" data-end=\"173\"><span style=\"color: #ffffff; font-family: 'open sans', sans-serif; font-size: 18px; text-align: justify;\">F\u00fcr Studierende des internationalen Rechts und junge Anw\u00e4lt:innen, die ihr juristisches Fachwissen im internationalen Recht und EU-Recht vertiefen m\u00f6chten; oder wenn sie beabsichtigen, ihr Studium, ihre Forschung zu beginnen oder fortzusetzen, oder ihren Beruf in EU-Rechtsangelegenheiten auszu\u00fcben, bieten wir die am besten geeignete Intensivausbildung Programme sowie verschiedene Seminare und Workshops. Sie w\u00fcrden dabei die Gelegenheit genie\u00dfen, sch\u00f6ne St\u00e4dte in Europa zu besuchen. Internationale Studierende aus der ganzen Welt profitieren von unserem Studententarif.<\/span><\/p><\/div><\/div><\/div>\r\n\t\t<\/div>\r\n\t\t\r\n\t\t\t\t\t\t<\/div>\n\t\t\t\t<\/div>\n\t\t\t\t<\/div>\n\t\t<div class=\"elementor-element elementor-element-7daacdc e-con-full e-flex e-con e-child\" data-id=\"7daacdc\" data-element_type=\"container\">\n\t\t\t\t<div class=\"elementor-element elementor-element-7907da0 elementor-widget elementor-widget-image\" data-id=\"7907da0\" data-element_type=\"widget\" data-widget_type=\"image.default\">\n\t\t\t\t<div class=\"elementor-widget-container\">\n\t\t\t\t\t\t\t\t\t\t\t\t\t\t\t<img decoding=\"async\" width=\"470\" height=\"270\" src=\"data:image\/svg+xml,%3Csvg%20xmlns%3D&#39;http%3A%2F%2Fwww.w3.org%2F2000%2Fsvg&#39;%20width=&#39;470&#39;%20height=&#39;270&#39;%20viewBox%3D&#39;0%200%20470%20270&#39;%2F%3E\" data-czlz data-src=\"https:\/\/www.ebrahimilawyer.com\/wp-content\/uploads\/2025\/11\/Legal-Seminars-Workshops.jpg\" class=\"attachment-medium_large size-medium_large wp-image-11777\" alt=\"\" data-srcset=\"https:\/\/www.ebrahimilawyer.com\/wp-content\/uploads\/2025\/11\/Legal-Seminars-Workshops.jpg 470w, https:\/\/www.ebrahimilawyer.com\/wp-content\/uploads\/2025\/11\/Legal-Seminars-Workshops-300x172.jpg 300w\" data-sizes=\"(max-width: 470px) 100vw, 470px\" \/>\t\t\t\t\t\t\t\t\t\t\t\t\t\t\t<\/div>\n\t\t\t\t<\/div>\n\t\t\t\t<\/div>\n\t\t\t\t\t<\/div>\n\t\t\t\t<\/div>\n\t\t<div class=\"elementor-element elementor-element-5513b38 e-flex e-con-boxed e-con e-parent\" data-id=\"5513b38\" data-element_type=\"container\">\n\t\t\t\t\t<div class=\"e-con-inner\">\n\t\t<div class=\"elementor-element elementor-element-c1f727b e-con-full e-flex e-con e-child\" data-id=\"c1f727b\" data-element_type=\"container\">\n\t\t\t\t<div class=\"elementor-element elementor-element-80b2a42 elementor-widget elementor-widget-heading\" data-id=\"80b2a42\" data-element_type=\"widget\" data-widget_type=\"heading.default\">\n\t\t\t\t<div class=\"elementor-widget-container\">\n\t\t\t\t\t<h3 class=\"elementor-heading-title elementor-size-default\">Ihr Vertreter in Europa<\/h3>\t\t\t\t<\/div>\n\t\t\t\t<\/div>\n\t\t\t\t<div class=\"elementor-element elementor-element-45d4300 elementor-widget elementor-widget-cz_title\" data-id=\"45d4300\" data-element_type=\"widget\" data-widget_type=\"cz_title.default\">\n\t\t\t\t<div class=\"elementor-widget-container\">\n\t\t\t\t\t\t\r\n\t\t<div>\r\n\t\t\t<div class=\"cz_title clr cz_title_pos_inline\"><div class=\"cz_title_content\"><div class=\"cz_wpe_content\"><p class=\"font_8\"><span style=\"color: #ffffff; font-family: 'open sans', sans-serif; font-size: 18px; text-align: justify;\">Wenn Ihr Unternehmen au\u00dferhalb Europas t\u00e4tig ist und Sie EU-weit Handelsbeziehungen betreiben, um Produkte oder Dienstleistungen abzusetzen oder zu beschaffen, w\u00fcrden Sie sicherlich eine kompetente Person ben\u00f6tigen, die Ihre Interessen beim Initialgespr\u00e4ch und im Verlauf der Verhandlung durch ad\u00e4quate Korrespondenz vertritt. Unsere mehrsprachige Anwaltskanzlei im Herzen Europas, spezialisiert auf dem breiten Spektrum des internationalen Wirtschafs- und Handelsrechts, unterst\u00fctzt Sie mit fachlicher Kompetenz von der Vertragspr\u00fcfung bis zum Vertragsabschluss.<\/span><\/p><\/div><\/div><\/div>\r\n\t\t<\/div>\r\n\t\t\r\n\t\t\t\t\t\t<\/div>\n\t\t\t\t<\/div>\n\t\t\t\t<\/div>\n\t\t<div class=\"elementor-element elementor-element-5025792 e-con-full e-flex e-con e-child\" data-id=\"5025792\" data-element_type=\"container\">\n\t\t\t\t<div class=\"elementor-element elementor-element-dc5e439 elementor-widget elementor-widget-image\" data-id=\"dc5e439\" data-element_type=\"widget\" data-widget_type=\"image.default\">\n\t\t\t\t<div class=\"elementor-widget-container\">\n\t\t\t\t\t\t\t\t\t\t\t\t\t\t\t<img loading=\"lazy\" decoding=\"async\" width=\"470\" height=\"270\" src=\"data:image\/svg+xml,%3Csvg%20xmlns%3D&#39;http%3A%2F%2Fwww.w3.org%2F2000%2Fsvg&#39;%20width=&#39;470&#39;%20height=&#39;270&#39;%20viewBox%3D&#39;0%200%20470%20270&#39;%2F%3E\" data-czlz data-src=\"https:\/\/www.ebrahimilawyer.com\/wp-content\/uploads\/2025\/11\/Your-representative-in-Europe.jpg\" class=\"attachment-medium_large size-medium_large wp-image-11778\" alt=\"\" data-srcset=\"https:\/\/www.ebrahimilawyer.com\/wp-content\/uploads\/2025\/11\/Your-representative-in-Europe.jpg 470w, https:\/\/www.ebrahimilawyer.com\/wp-content\/uploads\/2025\/11\/Your-representative-in-Europe-300x172.jpg 300w\" data-sizes=\"(max-width: 470px) 100vw, 470px\" \/>\t\t\t\t\t\t\t\t\t\t\t\t\t\t\t<\/div>\n\t\t\t\t<\/div>\n\t\t\t\t<\/div>\n\t\t\t\t\t<\/div>\n\t\t\t\t<\/div>\n\t\t\t\t<\/div>\n\t\t","protected":false},"excerpt":{"rendered":"<p>Iranische Rechtsangelegenheiten Wir beraten und vertreten Sie vor iranischen Gerichten in &#8230; <\/p>\n","protected":false},"author":1,"featured_media":0,"parent":0,"menu_order":0,"comment_status":"closed","ping_status":"closed","template":"","meta":{"footnotes":""},"class_list":["post-11774","page","type-page","status-publish","hentry"],"yoast_head":"<!-- This site is optimized with the Yoast SEO plugin v26.2 - https:\/\/yoast.com\/wordpress\/plugins\/seo\/ -->\n<title>Projekte - Iranian Lawyer Leila Ebrahimi<\/title>\n<meta name=\"robots\" content=\"index, follow, max-snippet:-1, max-image-preview:large, max-video-preview:-1\" \/>\n<link rel=\"canonical\" href=\"https:\/\/www.ebrahimilawyer.com\/de\/project\/\" \/>\n<meta property=\"og:locale\" content=\"de_DE\" \/>\n<meta property=\"og:type\" content=\"article\" \/>\n<meta property=\"og:title\" content=\"Projekte - Iranian Lawyer Leila Ebrahimi\" \/>\n<meta property=\"og:description\" content=\"Iranische Rechtsangelegenheiten Wir beraten und vertreten Sie vor iranischen Gerichten in ...\" \/>\n<meta property=\"og:url\" content=\"https:\/\/www.ebrahimilawyer.com\/de\/project\/\" \/>\n<meta property=\"og:site_name\" content=\"Iranian Lawyer Leila Ebrahimi\" \/>\n<meta property=\"article:modified_time\" content=\"2025-11-27T23:02:15+00:00\" \/>\n<meta property=\"og:image\" content=\"https:\/\/www.ebrahimilawyer.com\/wp-content\/uploads\/2025\/11\/Law-Case.jpg\" \/>\n\t<meta property=\"og:image:width\" content=\"470\" \/>\n\t<meta property=\"og:image:height\" content=\"270\" \/>\n\t<meta property=\"og:image:type\" content=\"image\/jpeg\" \/>\n<meta name=\"twitter:card\" content=\"summary_large_image\" \/>\n<meta name=\"twitter:label1\" content=\"Gesch\u00e4tzte Lesezeit\" \/>\n\t<meta name=\"twitter:data1\" content=\"3\u00a0Minuten\" \/>\n<script type=\"application\/ld+json\" class=\"yoast-schema-graph\">{\"@context\":\"https:\/\/schema.org\",\"@graph\":[{\"@type\":\"WebPage\",\"@id\":\"https:\/\/www.ebrahimilawyer.com\/de\/project\/\",\"url\":\"https:\/\/www.ebrahimilawyer.com\/de\/project\/\",\"name\":\"Projekte - Iranian Lawyer Leila Ebrahimi\",\"isPartOf\":{\"@id\":\"https:\/\/www.ebrahimilawyer.com\/de\/#website\"},\"primaryImageOfPage\":{\"@id\":\"https:\/\/www.ebrahimilawyer.com\/de\/project\/#primaryimage\"},\"image\":{\"@id\":\"https:\/\/www.ebrahimilawyer.com\/de\/project\/#primaryimage\"},\"thumbnailUrl\":\"https:\/\/www.ebrahimilawyer.com\/wp-content\/uploads\/2025\/11\/Law-Case.jpg\",\"datePublished\":\"2025-11-03T19:02:55+00:00\",\"dateModified\":\"2025-11-27T23:02:15+00:00\",\"breadcrumb\":{\"@id\":\"https:\/\/www.ebrahimilawyer.com\/de\/project\/#breadcrumb\"},\"inLanguage\":\"de\",\"potentialAction\":[{\"@type\":\"ReadAction\",\"target\":[\"https:\/\/www.ebrahimilawyer.com\/de\/project\/\"]}]},{\"@type\":\"ImageObject\",\"inLanguage\":\"de\",\"@id\":\"https:\/\/www.ebrahimilawyer.com\/de\/project\/#primaryimage\",\"url\":\"https:\/\/www.ebrahimilawyer.com\/wp-content\/uploads\/2025\/11\/Law-Case.jpg\",\"contentUrl\":\"https:\/\/www.ebrahimilawyer.com\/wp-content\/uploads\/2025\/11\/Law-Case.jpg\"},{\"@type\":\"BreadcrumbList\",\"@id\":\"https:\/\/www.ebrahimilawyer.com\/de\/project\/#breadcrumb\",\"itemListElement\":[{\"@type\":\"ListItem\",\"position\":1,\"name\":\"\u062e\u0627\u0646\u0647\",\"item\":\"https:\/\/www.ebrahimilawyer.com\/de\/\"},{\"@type\":\"ListItem\",\"position\":2,\"name\":\"Projekte\"}]},{\"@type\":\"WebSite\",\"@id\":\"https:\/\/www.ebrahimilawyer.com\/de\/#website\",\"url\":\"https:\/\/www.ebrahimilawyer.com\/de\/\",\"name\":\"Iranian Lawyer Leila Ebrahimi\",\"description\":\"\u0644\u06cc\u0644\u0627 \u0627\u0628\u0631\u0627\u0647\u06cc\u0645\u06cc \u0648\u06a9\u06cc\u0644 \u067e\u0627\u06cc\u0647 \u06cc\u06a9 \u062f\u0627\u062f\u06af\u0633\u062a\u0631\u06cc \u0627\u06cc\u0631\u0627\u0646\u060c \u0645\u0633\u062a\u0642\u0631 \u062f\u0631 \u062a\u0647\u0631\u0627\u0646 \u0648 \u0647\u0627\u0645\u0628\u0648\u0631\u06af\",\"potentialAction\":[{\"@type\":\"SearchAction\",\"target\":{\"@type\":\"EntryPoint\",\"urlTemplate\":\"https:\/\/www.ebrahimilawyer.com\/de\/?s={search_term_string}\"},\"query-input\":{\"@type\":\"PropertyValueSpecification\",\"valueRequired\":true,\"valueName\":\"search_term_string\"}}],\"inLanguage\":\"de\"}]}<\/script>\n<!-- \/ Yoast SEO plugin. -->","yoast_head_json":{"title":"Projekte - Iranian Lawyer Leila Ebrahimi","robots":{"index":"index","follow":"follow","max-snippet":"max-snippet:-1","max-image-preview":"max-image-preview:large","max-video-preview":"max-video-preview:-1"},"canonical":"https:\/\/www.ebrahimilawyer.com\/de\/project\/","og_locale":"de_DE","og_type":"article","og_title":"Projekte - Iranian Lawyer Leila Ebrahimi","og_description":"Iranische Rechtsangelegenheiten Wir beraten und vertreten Sie vor iranischen Gerichten in ...","og_url":"https:\/\/www.ebrahimilawyer.com\/de\/project\/","og_site_name":"Iranian Lawyer Leila Ebrahimi","article_modified_time":"2025-11-27T23:02:15+00:00","og_image":[{"width":470,"height":270,"url":"https:\/\/www.ebrahimilawyer.com\/wp-content\/uploads\/2025\/11\/Law-Case.jpg","type":"image\/jpeg"}],"twitter_card":"summary_large_image","twitter_misc":{"Gesch\u00e4tzte Lesezeit":"3\u00a0Minuten"},"schema":{"@context":"https:\/\/schema.org","@graph":[{"@type":"WebPage","@id":"https:\/\/www.ebrahimilawyer.com\/de\/project\/","url":"https:\/\/www.ebrahimilawyer.com\/de\/project\/","name":"Projekte - Iranian Lawyer Leila Ebrahimi","isPartOf":{"@id":"https:\/\/www.ebrahimilawyer.com\/de\/#website"},"primaryImageOfPage":{"@id":"https:\/\/www.ebrahimilawyer.com\/de\/project\/#primaryimage"},"image":{"@id":"https:\/\/www.ebrahimilawyer.com\/de\/project\/#primaryimage"},"thumbnailUrl":"https:\/\/www.ebrahimilawyer.com\/wp-content\/uploads\/2025\/11\/Law-Case.jpg","datePublished":"2025-11-03T19:02:55+00:00","dateModified":"2025-11-27T23:02:15+00:00","breadcrumb":{"@id":"https:\/\/www.ebrahimilawyer.com\/de\/project\/#breadcrumb"},"inLanguage":"de","potentialAction":[{"@type":"ReadAction","target":["https:\/\/www.ebrahimilawyer.com\/de\/project\/"]}]},{"@type":"ImageObject","inLanguage":"de","@id":"https:\/\/www.ebrahimilawyer.com\/de\/project\/#primaryimage","url":"https:\/\/www.ebrahimilawyer.com\/wp-content\/uploads\/2025\/11\/Law-Case.jpg","contentUrl":"https:\/\/www.ebrahimilawyer.com\/wp-content\/uploads\/2025\/11\/Law-Case.jpg"},{"@type":"BreadcrumbList","@id":"https:\/\/www.ebrahimilawyer.com\/de\/project\/#breadcrumb","itemListElement":[{"@type":"ListItem","position":1,"name":"\u062e\u0627\u0646\u0647","item":"https:\/\/www.ebrahimilawyer.com\/de\/"},{"@type":"ListItem","position":2,"name":"Projekte"}]},{"@type":"WebSite","@id":"https:\/\/www.ebrahimilawyer.com\/de\/#website","url":"https:\/\/www.ebrahimilawyer.com\/de\/","name":"Iranian Lawyer Leila Ebrahimi","description":"\u0644\u06cc\u0644\u0627 \u0627\u0628\u0631\u0627\u0647\u06cc\u0645\u06cc \u0648\u06a9\u06cc\u0644 \u067e\u0627\u06cc\u0647 \u06cc\u06a9 \u062f\u0627\u062f\u06af\u0633\u062a\u0631\u06cc \u0627\u06cc\u0631\u0627\u0646\u060c \u0645\u0633\u062a\u0642\u0631 \u062f\u0631 \u062a\u0647\u0631\u0627\u0646 \u0648 \u0647\u0627\u0645\u0628\u0648\u0631\u06af","potentialAction":[{"@type":"SearchAction","target":{"@type":"EntryPoint","urlTemplate":"https:\/\/www.ebrahimilawyer.com\/de\/?s={search_term_string}"},"query-input":{"@type":"PropertyValueSpecification","valueRequired":true,"valueName":"search_term_string"}}],"inLanguage":"de"}]}},"_links":{"self":[{"href":"https:\/\/www.ebrahimilawyer.com\/de\/wp-json\/wp\/v2\/pages\/11774","targetHints":{"allow":["GET"]}}],"collection":[{"href":"https:\/\/www.ebrahimilawyer.com\/de\/wp-json\/wp\/v2\/pages"}],"about":[{"href":"https:\/\/www.ebrahimilawyer.com\/de\/wp-json\/wp\/v2\/types\/page"}],"author":[{"embeddable":true,"href":"https:\/\/www.ebrahimilawyer.com\/de\/wp-json\/wp\/v2\/users\/1"}],"replies":[{"embeddable":true,"href":"https:\/\/www.ebrahimilawyer.com\/de\/wp-json\/wp\/v2\/comments?post=11774"}],"version-history":[{"count":8,"href":"https:\/\/www.ebrahimilawyer.com\/de\/wp-json\/wp\/v2\/pages\/11774\/revisions"}],"predecessor-version":[{"id":12043,"href":"https:\/\/www.ebrahimilawyer.com\/de\/wp-json\/wp\/v2\/pages\/11774\/revisions\/12043"}],"wp:attachment":[{"href":"https:\/\/www.ebrahimilawyer.com\/de\/wp-json\/wp\/v2\/media?parent=11774"}],"curies":[{"name":"wp","href":"https:\/\/api.w.org\/{rel}","templated":true}]}}