{"id":11770,"date":"2025-11-16T16:44:36","date_gmt":"2025-11-16T16:44:36","guid":{"rendered":"https:\/\/www.ebrahimilawyer.com\/imprint\/"},"modified":"2025-11-19T09:41:50","modified_gmt":"2025-11-19T09:41:50","slug":"imprint","status":"publish","type":"page","link":"https:\/\/www.ebrahimilawyer.com\/de\/imprint\/","title":{"rendered":"imprint"},"content":{"rendered":"\t\t<div data-elementor-type=\"wp-page\" data-elementor-id=\"11770\" class=\"elementor elementor-11770 elementor-11624\">\n\t\t\t\t<div class=\"elementor-element elementor-element-6fcb6f5 e-flex e-con-boxed e-con e-parent\" data-id=\"6fcb6f5\" data-element_type=\"container\">\n\t\t\t\t\t<div class=\"e-con-inner\">\n\t\t\t\t<div class=\"elementor-element elementor-element-65c717b elementor-widget elementor-widget-cz_title\" data-id=\"65c717b\" data-element_type=\"widget\" data-widget_type=\"cz_title.default\">\n\t\t\t\t<div class=\"elementor-widget-container\">\n\t\t\t\t\t\t\r\n\t\t<div>\r\n\t\t\t<div class=\"cz_title clr cz_title_pos_inline\"><div class=\"cz_title_content\"><div class=\"cz_wpe_content\"><p class=\"font_8\" style=\"text-align: left;\"><span style=\"color: #6e9cce; font-size: 38px;\">Impressum<\/span><\/p><p class=\"font_8\" style=\"text-align: left;\"><span style=\"color: #ffffff;\">Angaben gem\u00e4\u00df \u00a7 5 TMG<\/span><\/p><p class=\"font_8\" style=\"text-align: left;\"><span style=\"color: #ffffff;\">\u200b<\/span><\/p><p class=\"font_8\" style=\"text-align: left;\"><span style=\"color: #ffffff;\">Ebrahimi Law Firm<\/span><\/p><p class=\"font_8\" style=\"text-align: left;\"><span style=\"color: #ffffff;\">Leila Ebrahimi Rechtsanw\u00e4ltin nach iranischem Recht<\/span><\/p><p class=\"font_8\" style=\"text-align: left;\"><span style=\"color: #ffffff;\">\u200b<\/span><\/p><p class=\"font_7\" style=\"text-align: left;\"><span class=\"selectable-text copyable-text xkrh14z\" style=\"color: #ffffff;\">Himmelstr.9 22299 Hamburg, Germany <\/span><\/p><p> <\/p><p class=\"font_7\" style=\"text-align: left;\"><span class=\"color_36\" style=\"color: #ffffff;\">Tel: +49(0)4055775065<\/span><\/p><p class=\"font_7\" style=\"text-align: left;\"><span class=\"color_36\" style=\"color: #ffffff;\">+49(0)4054751174<\/span><\/p><p class=\"font_8\" style=\"text-align: left;\"><span style=\"color: #ffffff;\">\u200b<\/span><\/p><p class=\"font_8\" style=\"text-align: left;\"><span style=\"color: #ffffff;\">E-Mail: contact@ebrahimilawyer.com <\/span><\/p><p class=\"font_8\" style=\"text-align: left;\"><span style=\"color: #ffffff;\">\u200b<\/span><\/p><p class=\"font_8\" style=\"text-align: left;\"><span style=\"color: #ffffff;\">Postadresse<\/span><br><span style=\"color: #ffffff;\">Nr. 37, Andishe 1, Sohrevardi St., Tehran, Iran Ebrahimi Law Firm in Tehran<\/span><\/p><p class=\"font_8\" style=\"text-align: left;\"><span style=\"color: #ffffff;\"><span class=\"color_36\" style=\"color: #ffffff;\">Tel:<\/span>+98(0)2171057147<\/span><\/p><p class=\"font_8\" style=\"text-align: left;\"><span style=\"color: #ffffff;\">\u200b<\/span><\/p><p class=\"font_8\" style=\"text-align: left;\"><span style=\"color: #ffffff;\">\u200b<\/span><\/p><p class=\"font_8\" style=\"text-align: left;\"><span style=\"color: #ffffff;\">\u200b<\/span><\/p><p class=\"font_8\" style=\"text-align: left;\"><span style=\"color: #ffffff;\">Aufsichtsbeh\u00f6rde<\/span><\/p><p class=\"font_8\" style=\"text-align: left;\"><span style=\"color: #ffffff;\">Amtsgericht Hamburg<\/span><\/p><p class=\"font_8\" style=\"text-align: left;\"><span style=\"color: #ffffff;\">Registrierungsnummer 3712E\/01\/0670<\/span><\/p><p class=\"font_8\" style=\"text-align: left;\"><span style=\"color: #ffffff;\">https:\/\/justiz.hamburg.de\/amtsgericht\/<\/span><\/p><p class=\"font_8\" style=\"text-align: left;\"><span style=\"color: #ffffff;\">Rechtsanwaltskammer Teheran No. 3, Zagros Str., Teheran, Iran<\/span><\/p><p class=\"font_8\" style=\"text-align: left;\"><span style=\"color: #ffffff;\">Registrierungsnummer 12689<\/span><br><span style=\"color: #ffffff;\">http:\/\/icbar.org\/Lawyer\/12689<\/span><\/p><p class=\"font_8\" style=\"text-align: left;\"><span style=\"color: #ffffff;\">\u200b<\/span><\/p><p class=\"font_8\" style=\"text-align: left;\"><span style=\"color: #ffffff;\">Berufsbezeichnung und berufsrechtliche Regelungen<\/span><br><span style=\"color: #ffffff;\">Berufsbezeichnung: Lawyer &amp; Legal Advisor<\/span><\/p><p class=\"font_8\" style=\"text-align: left;\"><span style=\"color: #ffffff;\">Zust\u00e4ndige Kammer: Iran Central Bar Association Verliehen durch: Iran <\/span><\/p><p class=\"font_8\" style=\"text-align: left;\"><span style=\"color: #ffffff;\">Es gelten folgende berufsrechtliche Regelungen: Regelungen einsehbar unter: <\/span><\/p><p class=\"font_8\" style=\"text-align: left;\"><span style=\"color: #ffffff;\">http:\/\/ Angaben zur Berufshaftpflichtversicherung<\/span><\/p><p class=\"font_8\" style=\"text-align: left;\"><span style=\"color: #ffffff;\">Name und Sitz des Versicherers:<\/span><\/p><p class=\"font_8\" style=\"text-align: left;\"><span style=\"color: #ffffff;\">Allianz Versicherungs-AG 10900 Berlin Tel:040-69469-34720<\/span><br><span style=\"color: #ffffff;\">Geltungsraum der Versicherung: Deutschland Streitschlichtung<\/span><br><span style=\"color: #ffffff;\">Die Europ\u00e4ische Kommission stellt eine Plattform zur Online-Streitbeilegung (OS) bereit: https:\/\/ec.europa.eu\/consumers\/odr. Unsere E-Mail-Adresse finden Sie oben im Impressum.<\/span><br><span style=\"color: #ffffff;\">Wir sind nicht bereit oder verpflichtet, an Streitbeilegungsverfahren vor einer Verbraucherschlichtungsstelle teilzunehmen.<\/span><\/p><p class=\"font_8\" style=\"text-align: left;\"><span style=\"color: #ffffff;\">Haftung f\u00fcr Inhalte<\/span><br><span style=\"color: #ffffff;\">Als Diensteanbieter sind wir gem\u00e4\u00df \u00a7 7 Abs.1 TMG f\u00fcr eigene Inhalte auf diesen Seiten nach den allgemeinen Gesetzen verantwortlich. Nach \u00a7\u00a7 8 bis 10 TMG sind wir als Diensteanbieter jedoch nicht verpflichtet, \u00fcbermittelte oder gespeicherte fremde Informationen zu \u00fcberwachen oder nach Umst\u00e4nden zu forschen, die auf eine rechtswidrige T\u00e4tigkeit hinweisen.<\/span><br><span style=\"color: #ffffff;\">Verpflichtungen zur Entfernung oder Sperrung der Nutzung von Informationen nach den allgemeinen Gesetzen bleiben hiervon unber\u00fchrt. Eine diesbez\u00fcgliche Haftung ist jedoch erst ab dem Zeitpunkt der Kenntnis einer konkreten Rechtsverletzung m\u00f6glich. Bei Bekanntwerden von entsprechenden Rechtsverletzungen werden wir diese Inhalte umgehend entfernen.<\/span><\/p><p class=\"font_8\" style=\"text-align: left;\"><span style=\"color: #ffffff;\">Haftung f\u00fcr Links<\/span><br><span style=\"color: #ffffff;\">Unser Angebot enth\u00e4lt Links zu externen Websites Dritter, auf deren Inhalte wir keinen Einfluss haben. Deshalb k\u00f6nnen wir f\u00fcr diese fremden Inhalte auch keine Gew\u00e4hr \u00fcbernehmen. F\u00fcr die Inhalte der verlinkten Seiten ist stets der jeweilige Anbieter oder Betreiber der Seiten verantwortlich. Die verlinkten Seiten wurden zum Zeitpunkt der Verlinkung auf m\u00f6gliche Rechtsverst\u00f6\u00dfe \u00fcberpr\u00fcft. Rechtswidrige Inhalte waren zum Zeitpunkt der Verlinkung nicht erkennbar.<\/span><br><span style=\"color: #ffffff;\">Eine permanente inhaltliche Kontrolle der verlinkten Seiten ist jedoch ohne konkrete Anhaltspunkte einer Rechtsverletzung nicht zumutbar. Bei Bekanntwerden von Rechtsverletzungen werden wir derartige Links umgehend entfernen.<\/span><\/p><p class=\"font_8\" style=\"text-align: left;\"><span style=\"color: #ffffff;\">Urheberrecht<\/span><br><span style=\"color: #ffffff;\">Die durch die Seitenbetreiber erstellten Inhalte und Werke auf diesen Seiten unterliegen dem deutschen Urheberrecht. Die Vervielf\u00e4ltigung, Bearbeitung, Verbreitung und jede Art der Verwertung au\u00dferhalb der Grenzen des Urheberrechtes bed\u00fcrfen der schriftlichen Zustimmung des jeweiligen Autors bzw. Erstellers. Downloads und Kopien dieser Seite sind nur f\u00fcr den privaten, nicht kommerziellen Gebrauch gestattet. <\/span> <\/p><p class=\"font_8\" style=\"text-align: left;\"><span style=\"color: #ffffff;\">Soweit die Inhalte auf dieser Seite nicht vom Betreiber erstellt wurden, werden die Urheberrechte Dritter beachtet. Insbesondere werden Inhalte Dritter als solche gekennzeichnet. Sollten Sie trotzdem auf eine Urheberrechtsverletzung aufmerksam werden, bitten wir um einen entsprechenden Hinweis. Bei Bekanntwerden von Rechtsverletzungen werden wir derartige Inhalte umgehend entfernen.   <\/span><\/p><p> <\/p><p><span style=\"color: #ffffff;\">Allgemeine Gesch\u00e4ftsbedingungen<\/span><br><span style=\"color: #ffffff;\">Steuernummer: 43\/144\/04861-USt-IdNr.: DE330273242<\/span><\/p><\/div><\/div><\/div>\r\n\t\t<\/div>\r\n\t\t\r\n\t\t\t\t\t\t<\/div>\n\t\t\t\t<\/div>\n\t\t\t\t\t<\/div>\n\t\t\t\t<\/div>\n\t\t\t\t<\/div>\n\t\t","protected":false},"excerpt":{"rendered":"<p>Impressum Angaben gem\u00e4\u00df \u00a7 5 TMG \u200b Ebrahimi Law Firm Leila &#8230; <\/p>\n","protected":false},"author":1,"featured_media":0,"parent":0,"menu_order":0,"comment_status":"closed","ping_status":"closed","template":"","meta":{"footnotes":""},"class_list":["post-11770","page","type-page","status-publish","hentry"],"yoast_head":"<!-- This site is optimized with the Yoast SEO plugin v26.2 - https:\/\/yoast.com\/wordpress\/plugins\/seo\/ -->\n<title>imprint - Iranian Lawyer Leila Ebrahimi<\/title>\n<meta name=\"robots\" content=\"index, follow, max-snippet:-1, max-image-preview:large, max-video-preview:-1\" \/>\n<link rel=\"canonical\" href=\"https:\/\/www.ebrahimilawyer.com\/de\/imprint\/\" \/>\n<meta property=\"og:locale\" content=\"de_DE\" \/>\n<meta property=\"og:type\" content=\"article\" \/>\n<meta property=\"og:title\" content=\"imprint - Iranian Lawyer Leila Ebrahimi\" \/>\n<meta property=\"og:description\" content=\"Impressum Angaben gem\u00e4\u00df \u00a7 5 TMG \u200b Ebrahimi Law Firm Leila ...\" \/>\n<meta property=\"og:url\" content=\"https:\/\/www.ebrahimilawyer.com\/de\/imprint\/\" \/>\n<meta property=\"og:site_name\" content=\"Iranian Lawyer Leila Ebrahimi\" \/>\n<meta property=\"article:modified_time\" content=\"2025-11-19T09:41:50+00:00\" \/>\n<meta name=\"twitter:card\" content=\"summary_large_image\" \/>\n<meta name=\"twitter:label1\" content=\"Gesch\u00e4tzte Lesezeit\" \/>\n\t<meta name=\"twitter:data1\" content=\"3\u00a0Minuten\" \/>\n<script type=\"application\/ld+json\" class=\"yoast-schema-graph\">{\"@context\":\"https:\/\/schema.org\",\"@graph\":[{\"@type\":\"WebPage\",\"@id\":\"https:\/\/www.ebrahimilawyer.com\/de\/imprint\/\",\"url\":\"https:\/\/www.ebrahimilawyer.com\/de\/imprint\/\",\"name\":\"imprint - Iranian Lawyer Leila Ebrahimi\",\"isPartOf\":{\"@id\":\"https:\/\/www.ebrahimilawyer.com\/de\/#website\"},\"datePublished\":\"2025-11-16T16:44:36+00:00\",\"dateModified\":\"2025-11-19T09:41:50+00:00\",\"breadcrumb\":{\"@id\":\"https:\/\/www.ebrahimilawyer.com\/de\/imprint\/#breadcrumb\"},\"inLanguage\":\"de\",\"potentialAction\":[{\"@type\":\"ReadAction\",\"target\":[\"https:\/\/www.ebrahimilawyer.com\/de\/imprint\/\"]}]},{\"@type\":\"BreadcrumbList\",\"@id\":\"https:\/\/www.ebrahimilawyer.com\/de\/imprint\/#breadcrumb\",\"itemListElement\":[{\"@type\":\"ListItem\",\"position\":1,\"name\":\"\u062e\u0627\u0646\u0647\",\"item\":\"https:\/\/www.ebrahimilawyer.com\/de\/\"},{\"@type\":\"ListItem\",\"position\":2,\"name\":\"imprint\"}]},{\"@type\":\"WebSite\",\"@id\":\"https:\/\/www.ebrahimilawyer.com\/de\/#website\",\"url\":\"https:\/\/www.ebrahimilawyer.com\/de\/\",\"name\":\"Iranian Lawyer Leila Ebrahimi\",\"description\":\"\u0644\u06cc\u0644\u0627 \u0627\u0628\u0631\u0627\u0647\u06cc\u0645\u06cc \u0648\u06a9\u06cc\u0644 \u067e\u0627\u06cc\u0647 \u06cc\u06a9 \u062f\u0627\u062f\u06af\u0633\u062a\u0631\u06cc \u0627\u06cc\u0631\u0627\u0646\u060c \u0645\u0633\u062a\u0642\u0631 \u062f\u0631 \u062a\u0647\u0631\u0627\u0646 \u0648 \u0647\u0627\u0645\u0628\u0648\u0631\u06af\",\"potentialAction\":[{\"@type\":\"SearchAction\",\"target\":{\"@type\":\"EntryPoint\",\"urlTemplate\":\"https:\/\/www.ebrahimilawyer.com\/de\/?s={search_term_string}\"},\"query-input\":{\"@type\":\"PropertyValueSpecification\",\"valueRequired\":true,\"valueName\":\"search_term_string\"}}],\"inLanguage\":\"de\"}]}<\/script>\n<!-- \/ Yoast SEO plugin. -->","yoast_head_json":{"title":"imprint - Iranian Lawyer Leila Ebrahimi","robots":{"index":"index","follow":"follow","max-snippet":"max-snippet:-1","max-image-preview":"max-image-preview:large","max-video-preview":"max-video-preview:-1"},"canonical":"https:\/\/www.ebrahimilawyer.com\/de\/imprint\/","og_locale":"de_DE","og_type":"article","og_title":"imprint - Iranian Lawyer Leila Ebrahimi","og_description":"Impressum Angaben gem\u00e4\u00df \u00a7 5 TMG \u200b Ebrahimi Law Firm Leila ...","og_url":"https:\/\/www.ebrahimilawyer.com\/de\/imprint\/","og_site_name":"Iranian Lawyer Leila Ebrahimi","article_modified_time":"2025-11-19T09:41:50+00:00","twitter_card":"summary_large_image","twitter_misc":{"Gesch\u00e4tzte Lesezeit":"3\u00a0Minuten"},"schema":{"@context":"https:\/\/schema.org","@graph":[{"@type":"WebPage","@id":"https:\/\/www.ebrahimilawyer.com\/de\/imprint\/","url":"https:\/\/www.ebrahimilawyer.com\/de\/imprint\/","name":"imprint - Iranian Lawyer Leila Ebrahimi","isPartOf":{"@id":"https:\/\/www.ebrahimilawyer.com\/de\/#website"},"datePublished":"2025-11-16T16:44:36+00:00","dateModified":"2025-11-19T09:41:50+00:00","breadcrumb":{"@id":"https:\/\/www.ebrahimilawyer.com\/de\/imprint\/#breadcrumb"},"inLanguage":"de","potentialAction":[{"@type":"ReadAction","target":["https:\/\/www.ebrahimilawyer.com\/de\/imprint\/"]}]},{"@type":"BreadcrumbList","@id":"https:\/\/www.ebrahimilawyer.com\/de\/imprint\/#breadcrumb","itemListElement":[{"@type":"ListItem","position":1,"name":"\u062e\u0627\u0646\u0647","item":"https:\/\/www.ebrahimilawyer.com\/de\/"},{"@type":"ListItem","position":2,"name":"imprint"}]},{"@type":"WebSite","@id":"https:\/\/www.ebrahimilawyer.com\/de\/#website","url":"https:\/\/www.ebrahimilawyer.com\/de\/","name":"Iranian Lawyer Leila Ebrahimi","description":"\u0644\u06cc\u0644\u0627 \u0627\u0628\u0631\u0627\u0647\u06cc\u0645\u06cc \u0648\u06a9\u06cc\u0644 \u067e\u0627\u06cc\u0647 \u06cc\u06a9 \u062f\u0627\u062f\u06af\u0633\u062a\u0631\u06cc \u0627\u06cc\u0631\u0627\u0646\u060c \u0645\u0633\u062a\u0642\u0631 \u062f\u0631 \u062a\u0647\u0631\u0627\u0646 \u0648 \u0647\u0627\u0645\u0628\u0648\u0631\u06af","potentialAction":[{"@type":"SearchAction","target":{"@type":"EntryPoint","urlTemplate":"https:\/\/www.ebrahimilawyer.com\/de\/?s={search_term_string}"},"query-input":{"@type":"PropertyValueSpecification","valueRequired":true,"valueName":"search_term_string"}}],"inLanguage":"de"}]}},"_links":{"self":[{"href":"https:\/\/www.ebrahimilawyer.com\/de\/wp-json\/wp\/v2\/pages\/11770","targetHints":{"allow":["GET"]}}],"collection":[{"href":"https:\/\/www.ebrahimilawyer.com\/de\/wp-json\/wp\/v2\/pages"}],"about":[{"href":"https:\/\/www.ebrahimilawyer.com\/de\/wp-json\/wp\/v2\/types\/page"}],"author":[{"embeddable":true,"href":"https:\/\/www.ebrahimilawyer.com\/de\/wp-json\/wp\/v2\/users\/1"}],"replies":[{"embeddable":true,"href":"https:\/\/www.ebrahimilawyer.com\/de\/wp-json\/wp\/v2\/comments?post=11770"}],"version-history":[{"count":1,"href":"https:\/\/www.ebrahimilawyer.com\/de\/wp-json\/wp\/v2\/pages\/11770\/revisions"}],"predecessor-version":[{"id":11771,"href":"https:\/\/www.ebrahimilawyer.com\/de\/wp-json\/wp\/v2\/pages\/11770\/revisions\/11771"}],"wp:attachment":[{"href":"https:\/\/www.ebrahimilawyer.com\/de\/wp-json\/wp\/v2\/media?parent=11770"}],"curies":[{"name":"wp","href":"https:\/\/api.w.org\/{rel}","templated":true}]}}