{"id":11763,"date":"2025-11-04T14:54:36","date_gmt":"2025-11-04T14:54:36","guid":{"rendered":"https:\/\/www.ebrahimilawyer.com\/clients\/"},"modified":"2025-11-19T10:00:09","modified_gmt":"2025-11-19T10:00:09","slug":"clients","status":"publish","type":"page","link":"https:\/\/www.ebrahimilawyer.com\/de\/clients\/","title":{"rendered":"Mandanten"},"content":{"rendered":"\t\t<div data-elementor-type=\"wp-page\" data-elementor-id=\"11763\" class=\"elementor elementor-11763 elementor-10516\">\n\t\t\t\t<div class=\"elementor-element elementor-element-3683f16 e-flex e-con-boxed e-con e-parent\" data-id=\"3683f16\" data-element_type=\"container\">\n\t\t\t\t\t<div class=\"e-con-inner\">\n\t\t\t\t<div class=\"elementor-element elementor-element-291d171 elementor-widget elementor-widget-text-editor\" data-id=\"291d171\" data-element_type=\"widget\" data-widget_type=\"text-editor.default\">\n\t\t\t\t<div class=\"elementor-widget-container\">\n\t\t\t\t\t\t\t\t\t<div id=\"bgLayers_comp-l9ln5j8x\" class=\"MW5IWV\" style=\"text-align: center;\" data-hook=\"bgLayers\" data-motion-part=\"BG_LAYER comp-l9ln5j8x\">\u00a0<\/div><div class=\"\" data-mesh-id=\"comp-l9ln5j8xinlineContent\" data-testid=\"inline-content\"><div data-mesh-id=\"comp-l9ln5j8xinlineContent-gridContainer\" data-testid=\"mesh-container-content\"><div id=\"comp-igca3eak\" class=\"comp-igca3eak aVng1S wixui-horizontal-line\" style=\"text-align: center;\"><span style=\"color: #ffffff; font-size: 20px;\">Unsere gesch\u00e4tzten Mandanten aus<\/span><\/div><div id=\"comp-igca3eaj\" class=\"Z_l5lU MMl86N zQ9jDz qvSjx3 Vq6kJx comp-igca3eaj wixui-rich-text\" data-testid=\"richTextElement\"><p class=\"font_8 wixui-rich-text__text\" style=\"text-align: center;\"><span class=\"color_15 wixui-rich-text__text\" style=\"color: #ffffff; font-size: 20px;\">Mittlerer Osten, Europa, den Vereinigten Staaten, k\u00f6nnen gerne unsere individuelle rechtliche Beratung \u00fcber ihre Rechtangelegenheiten im Iran in Anspruch nehmen.<\/span><\/p><p class=\"font_8 wixui-rich-text__text\" style=\"text-align: center;\"><span class=\"color_15 wixui-rich-text__text\" style=\"color: #ffffff; font-size: 20px;\">\u00a0<\/span><span class=\"color_15 wixui-rich-text__text\" style=\"color: #ffffff; font-size: 20px;\">Iraner mit Wohnsitz in Europa und anderen Staaten, die Unterst\u00fctzung beim Schutz ihres Eigentums oder ihres Familienerbes im Iran suchen, k\u00f6nnen sich gerne an uns wenden.<\/span><\/p><p class=\"font_8 wixui-rich-text__text\" style=\"text-align: center;\"><span class=\"color_15 wixui-rich-text__text\" style=\"color: #ffffff; font-size: 20px;\">Wir betreuen weltweit zahlreiche internationale Mandanten, die Gesch\u00e4ftsbeziehungen mit iranischen Unternehmen unterhalten und mit ihnen zusammenarbeiten. Wir unterst\u00fctzen unsere Mandanten, die Immobilien im Iran besitzen, bei der Verwaltung und beim Management ihres Eigentums in diesem Land.<\/span><span class=\"color_15 wixui-rich-text__text\" style=\"color: #ffffff; font-size: 20px;\">\u00a0<\/span><\/p><p class=\"font_8 wixui-rich-text__text\" style=\"text-align: center;\"><span class=\"color_15 wixui-rich-text__text\" style=\"color: #ffffff; font-size: 20px;\">\u00a0Juristische und private Personen, kleine und mittlere Unternehmen und Start-ups, die Rechtsberatung von iranischen Anw\u00e4lten au\u00dferhalb Irans suchen,<\/span><\/p><p class=\"font_8 wixui-rich-text__text\" style=\"text-align: center;\"><span class=\"color_15 wixui-rich-text__text\" style=\"color: #ffffff; font-size: 20px;\">k\u00f6nnen sich gerne f\u00fcr ausf\u00fchrliche Informationen an uns wenden.<\/span><\/p><\/div><\/div><\/div>\t\t\t\t\t\t\t\t<\/div>\n\t\t\t\t<\/div>\n\t\t\t\t\t<\/div>\n\t\t\t\t<\/div>\n\t\t<div class=\"elementor-element elementor-element-2109962 e-flex e-con-boxed e-con e-parent\" data-id=\"2109962\" data-element_type=\"container\">\n\t\t\t\t\t<div class=\"e-con-inner\">\n\t\t\t\t<div class=\"elementor-element elementor-element-a4d1f44 elementor-widget elementor-widget-image\" data-id=\"a4d1f44\" data-element_type=\"widget\" data-widget_type=\"image.default\">\n\t\t\t\t<div class=\"elementor-widget-container\">\n\t\t\t\t\t\t\t\t\t\t\t\t\t\t\t<img fetchpriority=\"high\" decoding=\"async\" width=\"591\" height=\"221\" src=\"data:image\/svg+xml,%3Csvg%20xmlns%3D&#39;http%3A%2F%2Fwww.w3.org%2F2000%2Fsvg&#39;%20width=&#39;591&#39;%20height=&#39;221&#39;%20viewBox%3D&#39;0%200%20591%20221&#39;%2F%3E\" data-czlz data-src=\"https:\/\/www.ebrahimilawyer.com\/wp-content\/uploads\/2025\/11\/clients.jpg\" class=\"attachment-large size-large wp-image-11764\" alt=\"\" data-srcset=\"https:\/\/www.ebrahimilawyer.com\/wp-content\/uploads\/2025\/11\/clients.jpg 591w, https:\/\/www.ebrahimilawyer.com\/wp-content\/uploads\/2025\/11\/clients-300x112.jpg 300w\" data-sizes=\"(max-width: 591px) 100vw, 591px\" \/>\t\t\t\t\t\t\t\t\t\t\t\t\t\t\t<\/div>\n\t\t\t\t<\/div>\n\t\t\t\t\t<\/div>\n\t\t\t\t<\/div>\n\t\t\t\t<\/div>\n\t\t","protected":false},"excerpt":{"rendered":"<p>\u00a0Unsere gesch\u00e4tzten Mandanten aus Mittlerer Osten, Europa, den Vereinigten Staaten, k\u00f6nnen &#8230; <\/p>\n","protected":false},"author":1,"featured_media":0,"parent":0,"menu_order":0,"comment_status":"closed","ping_status":"closed","template":"","meta":{"footnotes":""},"class_list":["post-11763","page","type-page","status-publish","hentry"],"yoast_head":"<!-- This site is optimized with the Yoast SEO plugin v26.2 - https:\/\/yoast.com\/wordpress\/plugins\/seo\/ -->\n<title>Mandanten - Iranian Lawyer Leila Ebrahimi<\/title>\n<meta name=\"robots\" content=\"index, follow, max-snippet:-1, max-image-preview:large, max-video-preview:-1\" \/>\n<link rel=\"canonical\" href=\"https:\/\/www.ebrahimilawyer.com\/de\/clients\/\" \/>\n<meta property=\"og:locale\" content=\"de_DE\" \/>\n<meta property=\"og:type\" content=\"article\" \/>\n<meta property=\"og:title\" content=\"Mandanten - Iranian Lawyer Leila Ebrahimi\" \/>\n<meta property=\"og:description\" content=\"\u00a0Unsere gesch\u00e4tzten Mandanten aus Mittlerer Osten, Europa, den Vereinigten Staaten, k\u00f6nnen ...\" \/>\n<meta property=\"og:url\" content=\"https:\/\/www.ebrahimilawyer.com\/de\/clients\/\" \/>\n<meta property=\"og:site_name\" content=\"Iranian Lawyer Leila Ebrahimi\" \/>\n<meta property=\"article:modified_time\" content=\"2025-11-19T10:00:09+00:00\" \/>\n<meta property=\"og:image\" content=\"https:\/\/www.ebrahimilawyer.com\/wp-content\/uploads\/2025\/11\/clients.jpg\" \/>\n\t<meta property=\"og:image:width\" content=\"591\" \/>\n\t<meta property=\"og:image:height\" content=\"221\" \/>\n\t<meta property=\"og:image:type\" content=\"image\/jpeg\" \/>\n<meta name=\"twitter:card\" content=\"summary_large_image\" \/>\n<meta name=\"twitter:label1\" content=\"Gesch\u00e4tzte Lesezeit\" \/>\n\t<meta name=\"twitter:data1\" content=\"1\u00a0Minute\" \/>\n<script type=\"application\/ld+json\" class=\"yoast-schema-graph\">{\"@context\":\"https:\/\/schema.org\",\"@graph\":[{\"@type\":\"WebPage\",\"@id\":\"https:\/\/www.ebrahimilawyer.com\/de\/clients\/\",\"url\":\"https:\/\/www.ebrahimilawyer.com\/de\/clients\/\",\"name\":\"Mandanten - Iranian Lawyer Leila Ebrahimi\",\"isPartOf\":{\"@id\":\"https:\/\/www.ebrahimilawyer.com\/de\/#website\"},\"primaryImageOfPage\":{\"@id\":\"https:\/\/www.ebrahimilawyer.com\/de\/clients\/#primaryimage\"},\"image\":{\"@id\":\"https:\/\/www.ebrahimilawyer.com\/de\/clients\/#primaryimage\"},\"thumbnailUrl\":\"https:\/\/www.ebrahimilawyer.com\/wp-content\/uploads\/2025\/11\/clients.jpg\",\"datePublished\":\"2025-11-04T14:54:36+00:00\",\"dateModified\":\"2025-11-19T10:00:09+00:00\",\"breadcrumb\":{\"@id\":\"https:\/\/www.ebrahimilawyer.com\/de\/clients\/#breadcrumb\"},\"inLanguage\":\"de\",\"potentialAction\":[{\"@type\":\"ReadAction\",\"target\":[\"https:\/\/www.ebrahimilawyer.com\/de\/clients\/\"]}]},{\"@type\":\"ImageObject\",\"inLanguage\":\"de\",\"@id\":\"https:\/\/www.ebrahimilawyer.com\/de\/clients\/#primaryimage\",\"url\":\"https:\/\/www.ebrahimilawyer.com\/wp-content\/uploads\/2025\/11\/clients.jpg\",\"contentUrl\":\"https:\/\/www.ebrahimilawyer.com\/wp-content\/uploads\/2025\/11\/clients.jpg\"},{\"@type\":\"BreadcrumbList\",\"@id\":\"https:\/\/www.ebrahimilawyer.com\/de\/clients\/#breadcrumb\",\"itemListElement\":[{\"@type\":\"ListItem\",\"position\":1,\"name\":\"\u062e\u0627\u0646\u0647\",\"item\":\"https:\/\/www.ebrahimilawyer.com\/de\/\"},{\"@type\":\"ListItem\",\"position\":2,\"name\":\"Mandanten\"}]},{\"@type\":\"WebSite\",\"@id\":\"https:\/\/www.ebrahimilawyer.com\/de\/#website\",\"url\":\"https:\/\/www.ebrahimilawyer.com\/de\/\",\"name\":\"Iranian Lawyer Leila Ebrahimi\",\"description\":\"\u0644\u06cc\u0644\u0627 \u0627\u0628\u0631\u0627\u0647\u06cc\u0645\u06cc \u0648\u06a9\u06cc\u0644 \u067e\u0627\u06cc\u0647 \u06cc\u06a9 \u062f\u0627\u062f\u06af\u0633\u062a\u0631\u06cc \u0627\u06cc\u0631\u0627\u0646\u060c \u0645\u0633\u062a\u0642\u0631 \u062f\u0631 \u062a\u0647\u0631\u0627\u0646 \u0648 \u0647\u0627\u0645\u0628\u0648\u0631\u06af\",\"potentialAction\":[{\"@type\":\"SearchAction\",\"target\":{\"@type\":\"EntryPoint\",\"urlTemplate\":\"https:\/\/www.ebrahimilawyer.com\/de\/?s={search_term_string}\"},\"query-input\":{\"@type\":\"PropertyValueSpecification\",\"valueRequired\":true,\"valueName\":\"search_term_string\"}}],\"inLanguage\":\"de\"}]}<\/script>\n<!-- \/ Yoast SEO plugin. -->","yoast_head_json":{"title":"Mandanten - Iranian Lawyer Leila Ebrahimi","robots":{"index":"index","follow":"follow","max-snippet":"max-snippet:-1","max-image-preview":"max-image-preview:large","max-video-preview":"max-video-preview:-1"},"canonical":"https:\/\/www.ebrahimilawyer.com\/de\/clients\/","og_locale":"de_DE","og_type":"article","og_title":"Mandanten - Iranian Lawyer Leila Ebrahimi","og_description":"\u00a0Unsere gesch\u00e4tzten Mandanten aus Mittlerer Osten, Europa, den Vereinigten Staaten, k\u00f6nnen ...","og_url":"https:\/\/www.ebrahimilawyer.com\/de\/clients\/","og_site_name":"Iranian Lawyer Leila Ebrahimi","article_modified_time":"2025-11-19T10:00:09+00:00","og_image":[{"width":591,"height":221,"url":"https:\/\/www.ebrahimilawyer.com\/wp-content\/uploads\/2025\/11\/clients.jpg","type":"image\/jpeg"}],"twitter_card":"summary_large_image","twitter_misc":{"Gesch\u00e4tzte Lesezeit":"1\u00a0Minute"},"schema":{"@context":"https:\/\/schema.org","@graph":[{"@type":"WebPage","@id":"https:\/\/www.ebrahimilawyer.com\/de\/clients\/","url":"https:\/\/www.ebrahimilawyer.com\/de\/clients\/","name":"Mandanten - Iranian Lawyer Leila Ebrahimi","isPartOf":{"@id":"https:\/\/www.ebrahimilawyer.com\/de\/#website"},"primaryImageOfPage":{"@id":"https:\/\/www.ebrahimilawyer.com\/de\/clients\/#primaryimage"},"image":{"@id":"https:\/\/www.ebrahimilawyer.com\/de\/clients\/#primaryimage"},"thumbnailUrl":"https:\/\/www.ebrahimilawyer.com\/wp-content\/uploads\/2025\/11\/clients.jpg","datePublished":"2025-11-04T14:54:36+00:00","dateModified":"2025-11-19T10:00:09+00:00","breadcrumb":{"@id":"https:\/\/www.ebrahimilawyer.com\/de\/clients\/#breadcrumb"},"inLanguage":"de","potentialAction":[{"@type":"ReadAction","target":["https:\/\/www.ebrahimilawyer.com\/de\/clients\/"]}]},{"@type":"ImageObject","inLanguage":"de","@id":"https:\/\/www.ebrahimilawyer.com\/de\/clients\/#primaryimage","url":"https:\/\/www.ebrahimilawyer.com\/wp-content\/uploads\/2025\/11\/clients.jpg","contentUrl":"https:\/\/www.ebrahimilawyer.com\/wp-content\/uploads\/2025\/11\/clients.jpg"},{"@type":"BreadcrumbList","@id":"https:\/\/www.ebrahimilawyer.com\/de\/clients\/#breadcrumb","itemListElement":[{"@type":"ListItem","position":1,"name":"\u062e\u0627\u0646\u0647","item":"https:\/\/www.ebrahimilawyer.com\/de\/"},{"@type":"ListItem","position":2,"name":"Mandanten"}]},{"@type":"WebSite","@id":"https:\/\/www.ebrahimilawyer.com\/de\/#website","url":"https:\/\/www.ebrahimilawyer.com\/de\/","name":"Iranian Lawyer Leila Ebrahimi","description":"\u0644\u06cc\u0644\u0627 \u0627\u0628\u0631\u0627\u0647\u06cc\u0645\u06cc \u0648\u06a9\u06cc\u0644 \u067e\u0627\u06cc\u0647 \u06cc\u06a9 \u062f\u0627\u062f\u06af\u0633\u062a\u0631\u06cc \u0627\u06cc\u0631\u0627\u0646\u060c \u0645\u0633\u062a\u0642\u0631 \u062f\u0631 \u062a\u0647\u0631\u0627\u0646 \u0648 \u0647\u0627\u0645\u0628\u0648\u0631\u06af","potentialAction":[{"@type":"SearchAction","target":{"@type":"EntryPoint","urlTemplate":"https:\/\/www.ebrahimilawyer.com\/de\/?s={search_term_string}"},"query-input":{"@type":"PropertyValueSpecification","valueRequired":true,"valueName":"search_term_string"}}],"inLanguage":"de"}]}},"_links":{"self":[{"href":"https:\/\/www.ebrahimilawyer.com\/de\/wp-json\/wp\/v2\/pages\/11763","targetHints":{"allow":["GET"]}}],"collection":[{"href":"https:\/\/www.ebrahimilawyer.com\/de\/wp-json\/wp\/v2\/pages"}],"about":[{"href":"https:\/\/www.ebrahimilawyer.com\/de\/wp-json\/wp\/v2\/types\/page"}],"author":[{"embeddable":true,"href":"https:\/\/www.ebrahimilawyer.com\/de\/wp-json\/wp\/v2\/users\/1"}],"replies":[{"embeddable":true,"href":"https:\/\/www.ebrahimilawyer.com\/de\/wp-json\/wp\/v2\/comments?post=11763"}],"version-history":[{"count":11,"href":"https:\/\/www.ebrahimilawyer.com\/de\/wp-json\/wp\/v2\/pages\/11763\/revisions"}],"predecessor-version":[{"id":11873,"href":"https:\/\/www.ebrahimilawyer.com\/de\/wp-json\/wp\/v2\/pages\/11763\/revisions\/11873"}],"wp:attachment":[{"href":"https:\/\/www.ebrahimilawyer.com\/de\/wp-json\/wp\/v2\/media?parent=11763"}],"curies":[{"name":"wp","href":"https:\/\/api.w.org\/{rel}","templated":true}]}}